{"id":2038,"date":"2022-02-08T16:44:05","date_gmt":"2022-02-08T15:44:05","guid":{"rendered":"https:\/\/beau-sauvage.ch\/?page_id=2038"},"modified":"2022-02-08T17:04:36","modified_gmt":"2022-02-08T16:04:36","slug":"limage-du-jardin","status":"publish","type":"page","link":"https:\/\/beau-sauvage.ch\/fr\/idee\/limage-du-jardin\/","title":{"rendered":"L&#8217;image du jardin"},"content":{"rendered":"<div  data-label=\"Bild Traditionelles Gartenbild\" data-id=\"content--1\" data-export-id=\"content-9\" data-category=\"content\" class=\"content-9 content-section content-section-spacing\" id=\"bild-traditionelles-gartenbild\" style=\"background-color: rgb(255, 255, 255);\"><div  class=\"gridContainer\"> <div  class=\"row text-center\"><div  class=\"section-title-col\" data-type=\"column\">  <\/div> <\/div> <div  class=\"row space-bottom text-center\" data-type=\"row\"> <div  class=\"col-sm-4 col-padding-small\">   <\/div>   <\/div> <div  class=\"row center-xs middle-xs\"> <div  class=\"col-sm-12\" data-type=\"column\"> <img data-recalc-dims=\"1\" decoding=\"async\"  class=\"shadow-large\" src=\"https:\/\/i0.wp.com\/beau-sauvage.ch\/wp-content\/uploads\/2021\/08\/gartenbild.png?w=3840&#038;ssl=1\" data-size=\"950x633\" title=\"gartenbild\" alt=\"\"> <p  class=\"\">Jardin monotone et pauvre en biodiversit\u00e9 \u2013 Photo : Fritz Berger<\/p><\/div><\/div> <\/div><\/div><div  data-label=\"Text Traditionelles Gartenbild\" data-id=\"content--2\" data-export-id=\"content-9\" data-category=\"content\" class=\"content-9 content-section content-section-spacing\" id=\"text-traditionelles-gartenbild\" style=\"background-color: rgb(255, 255, 255); background-image: none;\"><div  class=\"gridContainer\"> <div  class=\"row text-center\"><div  class=\"section-title-col\" data-type=\"column\"> <h2  class=\"\" style=\"border-bottom-color: rgb(60, 142, 1);\">Image traditionelle du jardin<\/h2> <p  class=\"\" style=\"text-align: left;\">\u00c0 travers l\u2019\u00e9ducation, la pression de la soci\u00e9t\u00e9 et le regard des autres, notre subconscient incorpore des id\u00e9es et des croyances qui nous influencent ensuite dans nos choix quotidiens jusque dans l\u2019am\u00e9nagement de notre jardin.\n<br ><br >\nIl en est ainsi des images id\u00e9ales de jardin vues dans les publicit\u00e9s : des fleurs inadapt\u00e9es cultiv\u00e9es dans des serres chauff\u00e9es, des haies taill\u00e9es au millim\u00e8tre pr\u00e8s, du gazon anglais ainsi que des plates-bandes align\u00e9es.\n<br ><br >\nLe jardinage est \u00e9galement per\u00e7u comme une corv\u00e9e, les mauvaises herbes comme un fl\u00e9au et les animaux nuisibles comme des pestes.<\/p><\/div> <\/div> <div  class=\"row space-bottom text-center\" data-type=\"row\"> <div  class=\"col-sm-4 col-padding-small\">   <\/div>   <\/div> <div  class=\"row center-xs middle-xs\"> <div  class=\"col-sm-12\" data-type=\"column\">  <\/div><\/div> <\/div><\/div><div  data-label=\"Bild Zukunftsweisendes Gartenbild\" data-id=\"content--5\" data-export-id=\"content-9\" data-category=\"content\" class=\"content-9 content-section content-section-spacing\" id=\"bild-zukunftsweisendes-gartenbild\" style=\"background-color: rgb(236, 245, 231); background-image: none;\"><div  class=\"gridContainer\"> <div  class=\"row text-center\"><div  class=\"section-title-col\" data-type=\"column\">  <\/div> <\/div> <div  class=\"row space-bottom text-center\" data-type=\"row\"> <div  class=\"col-sm-4 col-padding-small\">   <\/div>   <\/div> <div  class=\"row center-xs middle-xs\"> <div  class=\"col-sm-12\" data-type=\"column\"> <img data-recalc-dims=\"1\" decoding=\"async\"  class=\"shadow-large\" src=\"https:\/\/i0.wp.com\/beau-sauvage.ch\/wp-content\/uploads\/2021\/09\/zukunftsweisendes-gartenbild.png?w=3840&#038;ssl=1\" data-size=\"950x633\" title=\"Zukunftsweisendes Gartenbild\" alt=\"Zukunftsweisendes Gartenbild\"> <p  class=\"\">Un jardin vari\u00e9, color\u00e9 et libre &#8211; Photo : Fritz Berger<\/p><\/div><\/div> <\/div><\/div><div  data-label=\"Text Zukunftsweisendes Gartenbild\" data-id=\"content--6\" data-export-id=\"content-12\" data-category=\"content\" class=\"content-12 content-section content-section-spacing\" id=\"text-zukunftsweisendes-gartenbild\" style=\"background-color: rgb(236, 245, 231); background-image: none;\"><div  class=\"gridContainer\"> <div  class=\"row text-center\"><div  class=\"section-title-col\" data-type=\"column\"> <h2  class=\"\" style=\"border-bottom-color: rgb(60, 142, 1); text-align: left;\">L\u2019image d\u2019un jardin tourn\u00e9 vers l\u2019avenir<\/h2> <p  class=\"\" style=\"text-align: left;\">Un coup d&#8217;\u0153il dans les jardins proches de la nature cr\u00e9\u00e9s par nos jardiniers progressistes r\u00e9v\u00e8le qu&#8217;une prairie fleurie multicolore, des tas de branches, des surfaces ouvertes et des haies d&#8217;arbustes sauvages sont esth\u00e9tiques. Les soi-disant mauvaises herbes comme l&#8217;ortie, la camomille, le myosotis des champs, la mauve sauvage et le chardon des champs ne sont pas seulement belles, mais aussi pr\u00e9cieuses pour les hommes et les animaux.<br >\nLes insectes dit nuisibles ne le sont qu\u2019aux yeux de certains, ils ont en fait tous un r\u00f4le important \u00e0 jouer dans l&#8217;ensemble de l&#8217;\u00e9cosyst\u00e8me. Les insectes servent de nourriture aux oiseaux, aux grenouilles et aux chauves-souris. 85% des cultures humaines d\u00e9pendent par exemple de la pollinisation par les abeilles (sauvages ou domestiques). Nos jardins naturels attirent non seulement les papillons, mais aussi les abeilles sauvages, directement essentielles \u00e0 notre alimentation.<br >\nEnfin, travailler dans un jardin proche de la nature peut \u00eatre un grand plaisir permettant un retour \u00e0 la terre, offrant du repos et \u00e9tant par ailleurs instructif.<\/p><\/div> <\/div> <div  class=\"row center-xs middle-xs\"> <div  class=\"col-sm-9\" data-type=\"column\"> <\/div> <\/div><\/div> <\/div>","protected":false},"excerpt":{"rendered":"<p>Jardin monotone et pauvre en biodiversit\u00e9 \u2013 Photo : Fritz Berger Image traditionelle du jardin \u00c0 travers l\u2019\u00e9ducation, la pression de la soci\u00e9t\u00e9 et le regard des autres, notre subconscient incorpore des id\u00e9es et des croyances qui nous influencent ensuite dans nos choix quotidiens jusque dans l\u2019am\u00e9nagement de notre jardin. Il en est ainsi des&hellip; <br \/> <a class=\"read-more\" href=\"https:\/\/beau-sauvage.ch\/fr\/idee\/limage-du-jardin\/\">Read more<\/a><\/p>\n","protected":false},"author":2,"featured_media":0,"parent":1904,"menu_order":0,"comment_status":"closed","ping_status":"closed","template":"pro\/page-templates\/full-width-page.php","meta":{"footnotes":""},"class_list":["post-2038","page","type-page","status-publish","hentry"],"jetpack_sharing_enabled":true,"_links":{"self":[{"href":"https:\/\/beau-sauvage.ch\/fr\/wp-json\/wp\/v2\/pages\/2038","targetHints":{"allow":["GET"]}}],"collection":[{"href":"https:\/\/beau-sauvage.ch\/fr\/wp-json\/wp\/v2\/pages"}],"about":[{"href":"https:\/\/beau-sauvage.ch\/fr\/wp-json\/wp\/v2\/types\/page"}],"author":[{"embeddable":true,"href":"https:\/\/beau-sauvage.ch\/fr\/wp-json\/wp\/v2\/users\/2"}],"replies":[{"embeddable":true,"href":"https:\/\/beau-sauvage.ch\/fr\/wp-json\/wp\/v2\/comments?post=2038"}],"version-history":[{"count":5,"href":"https:\/\/beau-sauvage.ch\/fr\/wp-json\/wp\/v2\/pages\/2038\/revisions"}],"predecessor-version":[{"id":2047,"href":"https:\/\/beau-sauvage.ch\/fr\/wp-json\/wp\/v2\/pages\/2038\/revisions\/2047"}],"up":[{"embeddable":true,"href":"https:\/\/beau-sauvage.ch\/fr\/wp-json\/wp\/v2\/pages\/1904"}],"wp:attachment":[{"href":"https:\/\/beau-sauvage.ch\/fr\/wp-json\/wp\/v2\/media?parent=2038"}],"curies":[{"name":"wp","href":"https:\/\/api.w.org\/{rel}","templated":true}]}}