{"id":2049,"date":"2022-02-08T17:09:41","date_gmt":"2022-02-08T16:09:41","guid":{"rendered":"https:\/\/beau-sauvage.ch\/?page_id=2049"},"modified":"2022-02-09T09:48:35","modified_gmt":"2022-02-09T08:48:35","slug":"termes-importants","status":"publish","type":"page","link":"https:\/\/beau-sauvage.ch\/fr\/idee\/termes-importants\/","title":{"rendered":"Termes importants"},"content":{"rendered":"<div  data-label=\"Bild Biodiversitaet\" data-id=\"content--1\" data-export-id=\"content-9\" data-category=\"content\" class=\"content-9 content-section content-section-spacing\" id=\"bild-biodiversitaet\" style=\"background-color: rgb(255, 255, 255);\"><div  class=\"gridContainer\"> <div  class=\"row text-center\"><div  class=\"section-title-col\" data-type=\"column\">  <\/div> <\/div> <div  class=\"row space-bottom text-center\" data-type=\"row\"> <div  class=\"col-sm-4 col-padding-small\">   <\/div>   <\/div> <div  class=\"row center-xs middle-xs\"> <div  class=\"col-sm-12\" data-type=\"column\"> <img data-recalc-dims=\"1\" decoding=\"async\"  class=\"shadow-large\" src=\"https:\/\/i0.wp.com\/beau-sauvage.ch\/wp-content\/uploads\/2021\/10\/cropped-biodiversitaet-1.png?w=3840&#038;ssl=1\" data-size=\"950x633\" title=\"cropped-biodiversitaet-1.png\" alt=\"\"> <p  class=\"\">Photo : Fritz Berger<\/p><\/div><\/div> <\/div><\/div><div  data-label=\"Text Biodiversitaet\" data-id=\"content--2\" data-export-id=\"content-9\" data-category=\"content\" class=\"content-9 content-section content-section-spacing\" id=\"text-biodiversitaet\" style=\"background-color: rgb(255, 255, 255); background-image: none;\"><div  class=\"gridContainer\"> <div  class=\"row text-center\"><div  class=\"section-title-col\" data-type=\"column\"> <h2  class=\"\" style=\"border-bottom-color: rgb(60, 142, 1);\">La biodiversit\u00e9<\/h2> <p  class=\"\" style=\"text-align: left;\">\u00ab La biodiversit\u00e9, c\u2019est la vie sous ses formes les plus diverses. R\u00e9sultat de milliards d\u2019ann\u00e9es d\u2019\u00e9volution, elle englobe toutes les esp\u00e8ces &#8211; v\u00e9g\u00e9tales, animales et autres &#8211; ainsi que leurs \u00e9cosyst\u00e8mes. La biodiversit\u00e9 est indispensable \u00e0 notre survie : elle nous fournit eau potable, denr\u00e9es alimentaires, oxyg\u00e8ne, principes actifs pharmaceutiques et espaces de d\u00e9tente. \u00bb   source : <a data-mce-href=\"https:\/\/missionb.ch\/Biodiversite\" href=\"https:\/\/missionb.ch\/Biodiversite\" target=\"_blank\" rel=\"noopener\" data-mce-selected=\"inline-boundary\" data-cp-link=\"1\">Biodiversit\u00e9 &#8211; Mission B<\/a><br ><br >Une biodiversit\u00e9 s\u2019est appauvrie en Suisse : \u00ab La moiti\u00e9 des milieux naturels et un tiers des esp\u00e8ces sont menac\u00e9s. Le recul de la diversit\u00e9 des esp\u00e8ces a en outre entra\u00een\u00e9 un appauvrissement de la diversit\u00e9 g\u00e9n\u00e9tique. \u00bb source : <a data-mce-href=\"https:\/\/www.bafu.admin.ch\/bafu\/fr\/home\/themes\/biodiversite\/info-specialistes\/etat-de-la-biodiversite-en-suisse.html\" href=\"https:\/\/www.bafu.admin.ch\/bafu\/fr\/home\/themes\/biodiversite\/info-specialistes\/etat-de-la-biodiversite-en-suisse.html\" target=\"_blank\" rel=\"noopener\" data-mce-selected=\"inline-boundary\" data-cp-link=\"1\">\u00c9tat de la biodiversit\u00e9 en Suisse<\/a><\/p><\/div> <\/div> <div  class=\"row space-bottom text-center\" data-type=\"row\">   <div  class=\"col-sm-4 col-padding-small\">  <\/div> <\/div> <div  class=\"row center-xs middle-xs\"> <div  class=\"col-sm-12\" data-type=\"column\">  <\/div><\/div> <\/div><\/div><div  data-label=\"Bild Oekologische Infrastruktur\" data-id=\"content--3\" data-export-id=\"content-12\" data-category=\"content\" class=\"content-12 content-section content-section-spacing\" id=\"bild-oekologische-infrastruktur\" style=\"background-color: rgb(236, 245, 231); background-image: none;\"><div  class=\"gridContainer\"> <div  class=\"row text-center\"><div  class=\"section-title-col\" data-type=\"column\">  <\/div> <\/div> <div  class=\"row center-xs middle-xs\"> <div  class=\"col-sm-9\" data-type=\"column\"> <img data-recalc-dims=\"1\" decoding=\"async\"  class=\"shadow-large\" src=\"https:\/\/i0.wp.com\/beau-sauvage.ch\/wp-content\/uploads\/2021\/09\/cropped-oekologische-infrastruktur.png?w=3840&#038;ssl=1\" title=\"cropped-oekologische-infrastruktur.png\" alt=\"\"><p  class=\"\">Photo : Ursula Singenberger<\/p><\/div> <\/div><\/div> <\/div><div  data-label=\"Text Oekologische Infrastruktur\" data-id=\"content--4\" data-export-id=\"content-12\" data-category=\"content\" class=\"content-12 content-section content-section-spacing\" id=\"text-oekologische-infrastruktur\" style=\"background-color: rgb(236, 245, 231); background-image: none;\"><div  class=\"gridContainer\"> <div  class=\"row text-center\"><div  class=\"section-title-col\" data-type=\"column\"> <h2  class=\"\" style=\"border-bottom-color: rgb(60, 142, 1);\">Une infrastructure biologique<\/h2> <\/div> <\/div> <div  class=\"row center-xs middle-xs\"> <div  class=\"col-sm-9\" data-type=\"column\"><p  class=\"\" style=\"text-align: left;\">La Conf\u00e9d\u00e9ration a pour but d\u2019assurer jusqu\u2019en 2040 une infrastructure \u00e9cologique fonctionnelle. Ce sont des aires naturelles ou des aires proches de la nature poss\u00e9dant une haute biodiversit\u00e9 et caract\u00e9ris\u00e9es par une grande r\u00e9silience en cas de changement climatique. D\u2019une part ce sont des aires prot\u00e9g\u00e9es comme le Parc National Suisse, les marais, les districts francs et les r\u00e9serves ornithologique pour les oiseaux d\u2019eau et migrateurs ; d\u2019autre part des aires de mise en r\u00e9seau qui lient les diff\u00e9rentes aires prot\u00e9g\u00e9es. Avec des centaines &#8211; et \u00e0 l\u2019avenir, des milliers &#8211; de jardins naturels, sur une surface d\u2019environ 1800 km<sup>2<\/sup> dans la r\u00e9gion des Trois-Lacs, nous voudrions cr\u00e9er une telle aire de mise en r\u00e9seau.\r\n<br ><br ><a data-mce-href=\"https:\/\/oekologische-infrastruktur.ch\/fr\/node\/72\" href=\"https:\/\/oekologische-infrastruktur.ch\/fr\/node\/72\" target=\"_blank\" rel=\"noopener\" data-mce-selected=\"inline-boundary\" data-cp-link=\"1\">L&#8217;infrastructure \u00e9cologique (IE)<\/a><\/p> <\/div> <\/div><\/div> <\/div><div  data-label=\"Bild Oekologischer Ausgleich\" data-id=\"content--5\" data-export-id=\"content-12\" data-category=\"content\" class=\"content-12 content-section content-section-spacing\" id=\"bild-oekologischer-ausgleich\" style=\"background-color: rgb(255, 255, 255); background-image: none;\"><div  class=\"gridContainer\"> <div  class=\"row text-center\"><div  class=\"section-title-col\" data-type=\"column\">  <\/div> <\/div> <div  class=\"row center-xs middle-xs\"> <div  class=\"col-sm-9\" data-type=\"column\"> <img data-recalc-dims=\"1\" decoding=\"async\"  class=\"shadow-large\" src=\"https:\/\/i0.wp.com\/beau-sauvage.ch\/wp-content\/uploads\/2021\/09\/oekologischer-ausgleich.png?w=3840&#038;ssl=1\" title=\"\u00d6kologischer Ausgleich\" alt=\"\u00d6kologischer Ausgleich\"><p  class=\"\" style=\"text-align: center;\">Photo : Fritz Berger<\/p><\/div> <\/div><\/div> <\/div><div  data-label=\"Text Oekologischer Ausgleich\" data-id=\"content--6\" data-export-id=\"content-12\" data-category=\"content\" class=\"content-12 content-section content-section-spacing\" id=\"text-oekologischer-ausgleich\" style=\"background-color: rgb(255, 255, 255);\"><div  class=\"gridContainer\"> <div  class=\"row text-center\"><div  class=\"section-title-col\" data-type=\"column\"> <h2  class=\"\" style=\"border-bottom-color: rgb(60, 142, 1);\">Compensation \u00e9cologique<\/h2> <p  class=\"\" style=\"text-align: left;\">La compensation \u00e9cologique est un terme g\u00e9n\u00e9rique d\u00e9signant des mesures servant au maintien et au r\u00e9tablissement de la fonction des milieux naturels dans les espaces agricoles et \u00e0 forte densit\u00e9 de population. Ce terme se trouve dans la loi sur la protection de la nature et du paysage (LPN, art. 15 et 18). Il demande aux cantons de cr\u00e9er des espaces proches de l&#8217;\u00e9tat naturel et de favoriser la biodiversit\u00e9.<br >\r\nLes aires de jardins recens\u00e9es et cr\u00e9\u00e9es par le projet \u00ab Beau &amp; Sauvage \u00bb sont des surfaces de compensation \u00e9cologique, en particulier dans les villes de la r\u00e9gion vis\u00e9e soit Bienne, Neuch\u00e2tel, Yverdon et Morat..<\/p><\/div> <\/div> <div  class=\"row center-xs middle-xs\"> <div  class=\"col-sm-9\" data-type=\"column\"> <\/div> <\/div><\/div> <\/div>","protected":false},"excerpt":{"rendered":"<p>Photo : Fritz Berger La biodiversit\u00e9 \u00ab La biodiversit\u00e9, c\u2019est la vie sous ses formes les plus diverses. R\u00e9sultat de milliards d\u2019ann\u00e9es d\u2019\u00e9volution, elle englobe toutes les esp\u00e8ces &#8211; v\u00e9g\u00e9tales, animales et autres &#8211; ainsi que leurs \u00e9cosyst\u00e8mes. La biodiversit\u00e9 est indispensable \u00e0 notre survie : elle nous fournit eau potable, denr\u00e9es alimentaires, oxyg\u00e8ne, principes&hellip; <br \/> <a class=\"read-more\" href=\"https:\/\/beau-sauvage.ch\/fr\/idee\/termes-importants\/\">Read more<\/a><\/p>\n","protected":false},"author":2,"featured_media":0,"parent":1904,"menu_order":0,"comment_status":"closed","ping_status":"closed","template":"pro\/page-templates\/full-width-page.php","meta":{"footnotes":""},"class_list":["post-2049","page","type-page","status-publish","hentry"],"jetpack_sharing_enabled":true,"_links":{"self":[{"href":"https:\/\/beau-sauvage.ch\/fr\/wp-json\/wp\/v2\/pages\/2049","targetHints":{"allow":["GET"]}}],"collection":[{"href":"https:\/\/beau-sauvage.ch\/fr\/wp-json\/wp\/v2\/pages"}],"about":[{"href":"https:\/\/beau-sauvage.ch\/fr\/wp-json\/wp\/v2\/types\/page"}],"author":[{"embeddable":true,"href":"https:\/\/beau-sauvage.ch\/fr\/wp-json\/wp\/v2\/users\/2"}],"replies":[{"embeddable":true,"href":"https:\/\/beau-sauvage.ch\/fr\/wp-json\/wp\/v2\/comments?post=2049"}],"version-history":[{"count":3,"href":"https:\/\/beau-sauvage.ch\/fr\/wp-json\/wp\/v2\/pages\/2049\/revisions"}],"predecessor-version":[{"id":2065,"href":"https:\/\/beau-sauvage.ch\/fr\/wp-json\/wp\/v2\/pages\/2049\/revisions\/2065"}],"up":[{"embeddable":true,"href":"https:\/\/beau-sauvage.ch\/fr\/wp-json\/wp\/v2\/pages\/1904"}],"wp:attachment":[{"href":"https:\/\/beau-sauvage.ch\/fr\/wp-json\/wp\/v2\/media?parent=2049"}],"curies":[{"name":"wp","href":"https:\/\/api.w.org\/{rel}","templated":true}]}}