{"id":2053,"date":"2022-02-08T17:22:06","date_gmt":"2022-02-08T16:22:06","guid":{"rendered":"https:\/\/beau-sauvage.ch\/?page_id=2053"},"modified":"2022-02-08T17:33:31","modified_gmt":"2022-02-08T16:33:31","slug":"principe-directeur","status":"publish","type":"page","link":"https:\/\/beau-sauvage.ch\/fr\/idee\/principe-directeur\/","title":{"rendered":"Principe directeur"},"content":{"rendered":"<div  data-label=\"Tanz mit der Natur\" data-id=\"content--1\" data-export-id=\"content-8\" data-category=\"content\" class=\"content-8 content-section content-section-spacing\" id=\"tanz-mit-der-natur\" style=\"background-color: rgb(255, 255, 255); background-image: none;\"><div  class=\"gridContainer\"> <div  class=\"row middle-sm\"><div  class=\"col-sm-6 space-bottom-xs space-top-xs\" data-type=\"column\"> <img data-recalc-dims=\"1\" decoding=\"async\"  class=\"shadow-large\" src=\"https:\/\/i0.wp.com\/beau-sauvage.ch\/wp-content\/uploads\/2021\/08\/tanz-mit-der-natur.png?w=3840&#038;ssl=1\" title=\"Tanz mit der Natur\" alt=\"Tanz mit der Natur\"><\/div> <div  class=\"col-sm-6\" data-type=\"column\"><h2  class=\"\" style=\"border-bottom-color: rgb(60, 142, 1);\">Danser avec la Nature<\/h2> <p  class=\"\">Pour nous, ce n\u2019est pas seulement le \u00ab pourquoi \u00bb de la biodiversit\u00e9 qui est important mais \u00e9galement le \u00ab comment \u00bb. Jusqu\u2019\u00e0 aujourd\u2019hui, jardiner \u00e9tait souvent assimil\u00e9 \u00e0 un moyen de soumettre et de dompter la nature. De plus, la repr\u00e9sentation que l\u2019on se fait d\u2019un beau jardin prend le pas sur le simple savoir faire de la nature.\n<br ><br >\nJardiner de mani\u00e8re naturelle consiste \u00e0 apprendre le langage de la nature, interagir avec elle et ce qu\u2019elle nous offre comme on entre dans une danse. Ainsi, nous apprenons \u00e0 donner une place aux \u00ab mauvaises herbes \u00bb, \u00e0 comprendre leur r\u00f4le et \u00e9ventuellement leurs qualit\u00e9s m\u00e9dicinales et culinaires. Tout en acceptant les caract\u00e9ristiques particuli\u00e8res du sol de notre jardin, nous pouvons l\u2019utiliser de mani\u00e8re optimale. Les zones d\u2019ombre et les zones ensoleill\u00e9es seront utilis\u00e9es de fa\u00e7on avantageuse et les plantes qui pousseront l\u00e0 se sentiront bien. L\u2019app\u00e2t du gain, les attentes esth\u00e9tiques et la pression du regard des autres ne conduisent pas \u00e0 la mise en place de jardins naturels, ce qui, \u00e0 long termes, est dommageable autant pour la nature que pour nous.\n<br ><br >\nTravailler en collaboration avec la nature est un pr\u00e9requis des plus important pour la cr\u00e9ation et le maintien d\u2019un monde durable pour l\u2019\u00catre Humain.\n<br >(Photo : Fritz Berger)<\/p> <\/div> <\/div><\/div> <\/div><div  data-label=\"Organisaches Lernen\" data-id=\"content--2\" data-export-id=\"content-8\" data-category=\"content\" class=\"content-8 content-section content-section-spacing\" id=\"organisaches-lernen\" style=\"background-color: rgb(236, 245, 231); background-image: none;\"><div  class=\"gridContainer\"> <div  class=\"row middle-sm\"><div  class=\"col-sm-6 space-bottom-xs space-top-xs\" data-type=\"column\"> <img data-recalc-dims=\"1\" decoding=\"async\"  class=\"shadow-large\" src=\"https:\/\/i0.wp.com\/beau-sauvage.ch\/wp-content\/uploads\/2021\/08\/organisches-lernen.png?w=3840&#038;ssl=1\" title=\"Organisches Lernen\" alt=\"Organisches Lernen\"><\/div> <div  class=\"col-sm-6\" data-type=\"column\"><h2  class=\"\" style=\"border-bottom-color: rgb(60, 142, 1);\">Apprendre naturellement<\/h2> <p  class=\"\">Les livres, pr\u00e9sentations Power Point et les conf\u00e9rences sont les m\u00e9thodes d\u2019apprentissage les plus fr\u00e9quentes de nos jours. Cet enseignement th\u00e9orique est ardu et les connaissances difficiles \u00e0 acqu\u00e9rir. Par contre, ce que l\u2019on ressent, que l\u2019on vit et qu\u2019on exp\u00e9rimente, nous fait vibrer, nous touche et reste en m\u00e9moire beaucoup plus facilement et plus longtemps. C\u2019est ce qui a donn\u00e9 l\u2019id\u00e9e d\u2019organiser les visites de nos jardins. Ainsi, nous promouvons un \u00e9change entre les propri\u00e9taires de jardins et les personnes int\u00e9ress\u00e9es au projet. Les visiteurs peuvent poser leurs questions et les jardiniers partager leurs exp\u00e9riences. Il n\u2019est pas n\u00e9cessaire d\u2019\u00eatre un sp\u00e9cialiste des papillons ni un expert du jardinage, mais \u00eatre simplement vecteur des exp\u00e9riences et connaissances personnelles. Les personnes int\u00e9ress\u00e9es ne se contentent pas d\u2019apprendre mais sont enthousiasm\u00e9es et conquises.\n<br >(Photo : Fritz Berger)<\/p> <\/div> <\/div><\/div> <\/div><div  data-label=\"Zusammen etwas bewegen\" data-id=\"content--3\" data-export-id=\"content-8\" data-category=\"content\" class=\"content-8 content-section content-section-spacing\" id=\"zusammen-etwas-bewegen-1\" style=\"background-color: rgb(255, 255, 255); background-image: none;\"><div  class=\"gridContainer\"> <div  class=\"row middle-sm\"><div  class=\"col-sm-6 space-bottom-xs space-top-xs\" data-type=\"column\"> <img data-recalc-dims=\"1\" decoding=\"async\"  class=\"shadow-large\" src=\"https:\/\/i0.wp.com\/beau-sauvage.ch\/wp-content\/uploads\/2021\/08\/zusammen-etwas-bewegen.png?w=3840&#038;ssl=1\" title=\"Zusammen etwas bewegen\" alt=\"Zusammen etwas bewegen\"><\/div> <div  class=\"col-sm-6\" data-type=\"column\"><h2  class=\"\" style=\"border-bottom-color: rgb(60, 142, 1);\">Faire bouger les choses ensemble<\/h2> <p  class=\"\">Beaucoup perdent courage face au monde actuel et aux situations alarmantes telles la pollution, le r\u00e9chauffement climatique, la p\u00e9nurie de mati\u00e8res premi\u00e8res, l\u2019urbanisation galopante, les pand\u00e9mies, etc. Seul face \u00e0 ces catastrophes, l\u2019individu se sent d\u00e9muni.<br >\nCependant chacun, dans une petite mesure, a la possibilit\u00e9 de faire bouger les choses. Si de nombreuses personnes s\u2019unissent pour accomplir de petites t\u00e2ches, elles cr\u00e9eront quelque chose de nouveau. \u00ab La totalit\u00e9 est plus que la somme des parties \u00bb (Aristote)<br >\nSauvage et Beau est un projet bottom-up, un projet du bas vers le haut. Beaucoup de personnes s\u2019investissent individuellement dans un jardin proche de la nature et ensemble ils cr\u00e9ent le Parc des Jardins Naturels de la r\u00e9gion des Trois-Lacs<br >\nDans la zone ainsi constitu\u00e9e, les chances de survie des papillons sont plus \u00e9lev\u00e9es que dans un jardin isol\u00e9, la r\u00e9silience (la stabilit\u00e9 \u00e9cologique) en est augment\u00e9e. De m\u00eame, l\u2019importance de l\u2019impact id\u00e9ologique en est renforc\u00e9.<br >(\u0152uvre et photo : Ursula Singenberger)<\/p> <\/div> <\/div><\/div> <\/div>","protected":false},"excerpt":{"rendered":"<p>Danser avec la Nature Pour nous, ce n\u2019est pas seulement le \u00ab pourquoi \u00bb de la biodiversit\u00e9 qui est important mais \u00e9galement le \u00ab comment \u00bb. Jusqu\u2019\u00e0 aujourd\u2019hui, jardiner \u00e9tait souvent assimil\u00e9 \u00e0 un moyen de soumettre et de dompter la nature. De plus, la repr\u00e9sentation que l\u2019on se fait d\u2019un beau jardin prend le&hellip; <br \/> <a class=\"read-more\" href=\"https:\/\/beau-sauvage.ch\/fr\/idee\/principe-directeur\/\">Read more<\/a><\/p>\n","protected":false},"author":2,"featured_media":0,"parent":1904,"menu_order":0,"comment_status":"closed","ping_status":"closed","template":"pro\/page-templates\/full-width-page.php","meta":{"footnotes":""},"class_list":["post-2053","page","type-page","status-publish","hentry"],"jetpack_sharing_enabled":true,"_links":{"self":[{"href":"https:\/\/beau-sauvage.ch\/fr\/wp-json\/wp\/v2\/pages\/2053","targetHints":{"allow":["GET"]}}],"collection":[{"href":"https:\/\/beau-sauvage.ch\/fr\/wp-json\/wp\/v2\/pages"}],"about":[{"href":"https:\/\/beau-sauvage.ch\/fr\/wp-json\/wp\/v2\/types\/page"}],"author":[{"embeddable":true,"href":"https:\/\/beau-sauvage.ch\/fr\/wp-json\/wp\/v2\/users\/2"}],"replies":[{"embeddable":true,"href":"https:\/\/beau-sauvage.ch\/fr\/wp-json\/wp\/v2\/comments?post=2053"}],"version-history":[{"count":5,"href":"https:\/\/beau-sauvage.ch\/fr\/wp-json\/wp\/v2\/pages\/2053\/revisions"}],"predecessor-version":[{"id":2064,"href":"https:\/\/beau-sauvage.ch\/fr\/wp-json\/wp\/v2\/pages\/2053\/revisions\/2064"}],"up":[{"embeddable":true,"href":"https:\/\/beau-sauvage.ch\/fr\/wp-json\/wp\/v2\/pages\/1904"}],"wp:attachment":[{"href":"https:\/\/beau-sauvage.ch\/fr\/wp-json\/wp\/v2\/media?parent=2053"}],"curies":[{"name":"wp","href":"https:\/\/api.w.org\/{rel}","templated":true}]}}