{"id":248,"date":"2021-06-17T19:35:28","date_gmt":"2021-06-17T17:35:28","guid":{"rendered":"https:\/\/beau-sauvage.ch\/?page_id=248"},"modified":"2025-12-07T18:06:35","modified_gmt":"2025-12-07T17:06:35","slug":"home","status":"publish","type":"page","link":"https:\/\/beau-sauvage.ch\/fr\/","title":{"rendered":"Home"},"content":{"rendered":"<div  data-label=\"Vision\" data-id=\"content--6\" data-export-id=\"content-9\" data-category=\"content\" class=\"content-9 content-section content-section-spacing\" id=\"vision\" style=\"background-color: rgb(255, 255, 255); background-image: none;\"><div  class=\"gridContainer\"> <div  class=\"row text-center\"><div  class=\"section-title-col\" data-type=\"column\"> <h2  class=\"\" style=\"border-bottom-color: rgb(60, 142, 1);\">Vision<\/h2> <p  class=\"lead\">Avec le corridor \u00e0 papillons, nous posons un jalon pour la biodiversit\u00e9.<\/p><\/div> <\/div> <div  class=\"row space-bottom text-center\" data-type=\"row\"> <div  class=\"col-sm-4 col-padding-small\">  <h4  class=\"\">Quoi?<\/h4> <p  class=\"\">Avec des milliers de jardins naturels et d\u2019autres surfaces proches de la nature, nous cr\u00e9ons un corridor \u00e0 papillons depuis le Papiliorama jusqu\u2019\u00e0 Macolin, le long des deux rives du lac de Bienne.\n<br ><br >\nA fur et \u00e0 mesure, ce corridor cr\u00e9e un milieu de vie durable pour les papillons \u2013 en d\u2019autres termes, une infrastructure \u00e9cologique avec une biodiversit\u00e9 importante et une haute  fonction de r\u00e9g\u00e9n\u00e9ration.<\/p><\/div> <div  class=\"col-sm-4 col-padding-small\"> <h4  class=\"\">Comment?<\/h4> <p  class=\"\">Nous rassemblons 10&nbsp;000 personnes, 1001 propri\u00e9taires de jardins, 20 communes, 30 organisations et de nombreuses PME.\n<br ><br >\nNous attachons une grande importance aux contacts personnels, car eux seuls cr\u00e9ent quelque chose de d\u2019engageant.\n<br ><br >\nNous opposons une vision positive aux gros titres n\u00e9gatifs. Les papillons sont des messagers de la joie, de la l\u00e9g\u00e8ret\u00e9 et du changement.<\/p><\/div> <div  class=\"col-sm-4 col-padding-small\"> <h4  class=\"\">Pourquoi?<\/h4> <p  class=\"\">La biodiversit\u00e9 est massivement menac\u00e9e. Le monde v\u00e9g\u00e9tal, le monde animal ainsi que les diff\u00e9rents habitats sont concern\u00e9s.\n<br ><br >\nSans biodiversit\u00e9, pas de vie. Elle est la base de notre alimentation quotidienne, de nos rem\u00e8des, de la purification de l\u2019air et de l\u2019eau, de bons microclimats.\n<br ><br >\nLes zones proches de la nature nous permettent de nous d\u00e9tendre, de nous \u00e9merveiller et nous montrent l\u2019infinie beaut\u00e9 de la diversit\u00e9 de la nature.<\/p><\/div> <\/div> <div  class=\"row center-xs middle-xs\"> <div  class=\"col-sm-12\" data-type=\"column\">  <\/div><\/div> <\/div><\/div><div  data-label=\"Bild Vision\" data-id=\"content--5\" data-export-id=\"content-12\" data-category=\"content\" class=\"content-12 content-section content-section-spacing\" id=\"bild-vision\" style=\"background-color: rgb(255, 255, 255);\"><div  class=\"gridContainer\">  <div  class=\"row center-xs middle-xs\"> <div  class=\"col-sm-9\" data-type=\"column\"><img  decoding=\"async\" class=\"custom-image\" src=\"https:\/\/i0.wp.com\/beau-sauvage.ch\/wp-content\/uploads\/2024\/05\/cropped-Carte.png?w=3840&amp;ssl=1\" title=\"Corridor \u00e0 papillons\" alt=\"Corridor \u00e0 papillons\" data-recalc-dims=\"1\"> <p  class=\"lead\">Corridor \u00e0 papillons, dessin Priska Wenger,  Beau &amp; Sauvage<\/p><\/div> <\/div><\/div> <\/div><div  data-label=\"Avec coer et main\" data-id=\"content--8\" data-export-id=\"content-9\" data-category=\"content\" class=\"content-9 content-section content-section-spacing\" id=\"avec-coer-et-main\" style=\"background-color: rgb(236, 245, 231); background-image: none;\"><div  class=\"gridContainer\"> <div  class=\"row text-center\"><div  class=\"section-title-col\" data-type=\"column\"> <h2  class=\"\" style=\"border-bottom-color: rgb(60, 142, 1);\">Avec le c\u0153ur et main dans la main<\/h2> <p  class=\"lead\">Touch\u00e9es par la magnifique diversit\u00e9 de la nature, des personnes commencent \u00e0 am\u00e9nager leur jardin de mani\u00e8re naturelle. Avec l\u2019aide de l\u2019association Beau &amp; Sauvage, elles s\u2019associent et cr\u00e9ent ainsi le corridor \u00e0 papillons, un projet unique en son genre.<\/p><\/div> <\/div> <div  class=\"row space-bottom text-center\" data-type=\"row\">  <div  class=\"col-sm-4 col-padding-small\">  <\/div>  <\/div> <div  class=\"row center-xs middle-xs\"> <div  class=\"col-sm-12\" data-type=\"column\">  <\/div><\/div> <\/div><\/div><div  data-label=\"Bild avec coer et main\" data-id=\"content--7\" data-export-id=\"content-12\" data-category=\"content\" class=\"content-12 content-section content-section-spacing\" id=\"bild-avec-coer-et-main\" style=\"background-color: rgb(236, 245, 231); background-image: none;\"><div  class=\"gridContainer\"> <div  class=\"row text-center\"><div  class=\"section-title-col\" data-type=\"column\">  <\/div> <\/div> <div  class=\"row center-xs middle-xs\"> <div  class=\"col-sm-9\" data-type=\"column\"><img  decoding=\"async\" class=\"custom-image\" src=\"https:\/\/i0.wp.com\/beau-sauvage.ch\/wp-content\/uploads\/2025\/12\/cropped-Karte.png?w=3840&#038;ssl=1\" title=\"Cart\u00e9 des jardins\" alt=\"Cart\u00e9 des jardins\" data-recalc-dims=\"1\"> <p  class=\"lead\">Jardins \u00e9valu\u00e9s par commune, carte Eug\u00e9nie Laly, Beau &amp; Sauvage<\/p><h4  class=\"\">Les 20 communes principales du corridor \u00e0 papillons<br ><span  style=\"font-weight: 300;\">Chiffre <\/span><span  style=\"color: rgba(71, 219, 38, 0.61); font-weight: 400;\">en haut<\/span><span  style=\"font-weight: 300;\"> : jardins \u00e9valu\u00e9s<\/span><br ><span  style=\"font-weight: 300;\">\nChiffre <span  style=\"color: rgba(219, 178, 38, 0.61); font-weight: 400;\">en bas<\/span> : nombre total de jardins \u00e0 \u00e9valuer par commune d\u2019ici 2033\n<\/span>Corridor \u00e9largi<br ><span  style=\"font-weight: 300;\">Les jardins situ\u00e9s dans l\u2019arrondissement administratif de Bienne-Seeland peuvent \u00e9galement en faire partie.<\/span><br ><span  style=\"font-weight: 300;\">\nAu total, 224 jardins vont \u00eatre int\u00e9gr\u00e9s \u00e0 ce corridor \u00e9largi.<\/span> <br ><br ><a  data-mce-href=\"participer\/\" href=\"https:\/\/beau-sauvage.ch\/fr\/participer\" target=\"_self\" data-mce-selected=\"inline-boundary\" data-cp-link=\"1\">Participez !<\/a><\/h4><\/div> <\/div><\/div> <\/div><div  data-label=\"Counters\" data-id=\"counters--1\" data-export-id=\"counters-2\" data-category=\"counters\" class=\"counters-2 content-section content-section-spacing\" id=\"counters-1\" style=\"background-color: rgb(236, 245, 231); background-image: none;\"><div  class=\"gridContainer\">  <div  class=\"row\" data-type=\"row\"> <div  class=\"col-xs-12 col-sm-4 text-center space-bottom\"> <i  class=\"fa icon fa-leaf color1\"><\/i> <h3  class=\"font-400\" data-min=\"0\" data-max=\"107\" data-duration=\"3000\" data-prefix=\"&nbsp;\" data-suffix=\"\" data-countup=\"true\" style=\"display: inline-block;\"><\/h3> <h5  class=\"upper color2\">jardins Naturels<\/h5><\/div>  <div  class=\"col-xs-12 col-sm-4 text-center space-bottom\"> <i  class=\"fa icon fa-heart color1\"><\/i> <h3  class=\"font-400\" data-min=\"0\" data-max=\"502\" data-duration=\"4000\" data-prefix=\" &nbsp;\" data-suffix=\"\" data-countup=\"true\" style=\"display: inline-block;\"><\/h3> <h5  class=\"upper color2\">PERSONNES INTERESS\u00c9ES<\/h5><\/div><div  class=\"col-xs-12 col-sm-4 text-center space-bottom\"><i  class=\"fa icon fa-globe color1\"><\/i> <h3  class=\"font-400\" data-min=\"0\" data-max=\"127193 \" data-duration=\"6000\" data-prefix=\"&nbsp;\" data-suffix=\" m2\" data-countup=\"true\" style=\"display: inline-block;\"><\/h3> <h5  class=\"upper color2\">Surfaces Naturelles<\/h5><\/div> <\/div><\/div> <\/div>","protected":false},"excerpt":{"rendered":"<p>Vision Avec le corridor \u00e0 papillons, nous posons un jalon pour la biodiversit\u00e9. Quoi? Avec des milliers de jardins naturels et d\u2019autres surfaces proches de la nature, nous cr\u00e9ons un corridor \u00e0 papillons depuis le Papiliorama jusqu\u2019\u00e0 Macolin, le long des deux rives du lac de Bienne. A fur et \u00e0 mesure, ce corridor cr\u00e9e&hellip; <br \/> <a class=\"read-more\" href=\"https:\/\/beau-sauvage.ch\/fr\/\">Read more<\/a><\/p>\n","protected":false},"author":2,"featured_media":0,"parent":0,"menu_order":0,"comment_status":"closed","ping_status":"closed","template":"page-templates\/homepage.php","meta":{"footnotes":""},"class_list":["post-248","page","type-page","status-publish","hentry"],"jetpack_sharing_enabled":true,"_links":{"self":[{"href":"https:\/\/beau-sauvage.ch\/fr\/wp-json\/wp\/v2\/pages\/248","targetHints":{"allow":["GET"]}}],"collection":[{"href":"https:\/\/beau-sauvage.ch\/fr\/wp-json\/wp\/v2\/pages"}],"about":[{"href":"https:\/\/beau-sauvage.ch\/fr\/wp-json\/wp\/v2\/types\/page"}],"author":[{"embeddable":true,"href":"https:\/\/beau-sauvage.ch\/fr\/wp-json\/wp\/v2\/users\/2"}],"replies":[{"embeddable":true,"href":"https:\/\/beau-sauvage.ch\/fr\/wp-json\/wp\/v2\/comments?post=248"}],"version-history":[{"count":50,"href":"https:\/\/beau-sauvage.ch\/fr\/wp-json\/wp\/v2\/pages\/248\/revisions"}],"predecessor-version":[{"id":5246,"href":"https:\/\/beau-sauvage.ch\/fr\/wp-json\/wp\/v2\/pages\/248\/revisions\/5246"}],"wp:attachment":[{"href":"https:\/\/beau-sauvage.ch\/fr\/wp-json\/wp\/v2\/media?parent=248"}],"curies":[{"name":"wp","href":"https:\/\/api.w.org\/{rel}","templated":true}]}}