{"id":3068,"date":"2023-02-08T18:19:42","date_gmt":"2023-02-08T17:19:42","guid":{"rendered":"https:\/\/beau-sauvage.ch\/?page_id=3068"},"modified":"2026-04-22T21:16:35","modified_gmt":"2026-04-22T19:16:35","slug":"events","status":"publish","type":"page","link":"https:\/\/beau-sauvage.ch\/fr\/events\/","title":{"rendered":"Events"},"content":{"rendered":"<div  data-label=\"ContentProgramme\" data-id=\"content--27\" data-export-id=\"content-7\" data-category=\"content\" class=\"content-7 content-section content-section-spacing\" id=\"contentprogramme\" style=\"background-color: rgba(60, 142, 1, 0.11); background-image: none;\"><div  class=\"gridContainer\"> <div  class=\"row middle-sm\"><div  class=\"col-sm-6 space-bottom-xs\" data-type=\"column\"> <h2  class=\"\" style=\"border-bottom-color: rgb(60, 142, 1);\">Programme de notre organisation partenaire \u00e0 La Neuveville<\/h2> <p  class=\"\">Jardin communautaire Demain 2520<\/p> <a  class=\"link\" href=\"https:\/\/beau-sauvage.ch\/wp-content\/uploads\/2026\/02\/JC_Progr26_vf.pdf\" target=\"_self\" data-cp-link=\"1\">Programme.pdf<\/a><\/div> <div  class=\"col-sm-6\" data-type=\"column\"> <img  data-recalc-dims=\"1\" decoding=\"async\" class=\"shadow-large\" src=\"https:\/\/i0.wp.com\/beau-sauvage.ch\/wp-content\/uploads\/2026\/02\/cropped-IMG_0643-1.jpg?w=3840&amp;ssl=1\" title=\"Jardin communautaire Demain 2520\" alt=\"Jardin communautaire Demain 2520\"><\/div> <\/div><\/div> <\/div><div  data-label=\"ContentMarcheFleus\" data-id=\"content--26\" data-export-id=\"content-7\" data-category=\"content\" class=\"content-7 content-section content-section-spacing\" id=\"contentmarchefleus\" style=\"background-color: rgb(255, 255, 255); background-image: none;\"><div  class=\"gridContainer\"> <div  class=\"row middle-sm\"><div  class=\"col-sm-6 space-bottom-xs\" data-type=\"column\"> <h2  class=\"\" style=\"border-bottom-color: rgb(60, 142, 1);\"><span  style=\"color: rgb(60, 142, 1);\">Dimanche, 3 mai 2026<\/span>&nbsp;<br >March\u00e9 aux fleurs, La Neuveville<\/h2> <p  class=\"\">Plantes sauvages et informations sur le Corridor \u00e0 Papillon.<br ><br ><span  style=\"font-weight: 600;\">Horaire<\/span><br >\n9h00 \u00e0 17h00\n<br ><br >\n<br ><a  href=\"https:\/\/beau-sauvage.ch\/wp-content\/uploads\/2026\/03\/FLYER-primus-tempus-artisans.pdf\" target=\"_self\" data-mce-href=\"..\/..\/wp-content\/uploads\/2026\/03\/FLYER-primus-tempus-artisans.pdf\" data-cp-link=\"1\" class=\"\">Flyer.pdf<\/a><br ><br >\n<\/p> <\/div> <div  class=\"col-sm-6\" data-type=\"column\"> <img  data-recalc-dims=\"1\" decoding=\"async\" class=\"shadow-large\" src=\"https:\/\/i0.wp.com\/beau-sauvage.ch\/wp-content\/uploads\/2026\/01\/Photo-Joel-Schweizer-.jpg?w=3840&amp;ssl=1\" title=\"March\u00e9 aux fleurs, La Neuveville\" alt=\"March\u00e9 aux fleurs, La Neuveville\"><\/div> <\/div><\/div> <\/div><div  data-label=\"ContentChemin\" data-id=\"content--20\" data-export-id=\"content-7\" data-category=\"content\" class=\"content-7 content-section content-section-spacing\" id=\"contentchemin\" style=\"background-color: rgba(60, 142, 1, 0.11); background-image: none;\"><div  class=\"gridContainer\"> <div  class=\"row middle-sm\"><div  class=\"col-sm-6 space-bottom-xs\" data-type=\"column\"> <h2  class=\"\" style=\"border-bottom-color: rgb(60, 142, 1);\"><span  style=\"color: rgb(60, 142, 1);\">Samedi, 16 mai 2026<\/span><br >Chemin Gourmet&nbsp;<\/h2> <p  class=\"\">Introduction au projet \u00ab Corridor \u00e0 papillons \u00bb et visite de trois jardins extraordinaires \u00e0 La Neuveville, sous la conduite d\u2019experts. Vous d\u00e9couvrirez tr\u00e8s concr\u00e8tement \u00e0 quoi ressemble un jardin naturel, comment il est con\u00e7u et entretenu. Il y aura largement le temps de discuter et de poser des questions. De plus, les h\u00f4tes proposeront une sp\u00e9cialit\u00e9 culinaire dans chacun des jardins.<br ><br >\n<span  style=\"font-weight: 600;\">Horaire<\/span><br >\n9h45 \u00e0 15h45\n<br ><br >\n<span  style=\"font-weight: 600;\">Prix<\/span><br >\nCHF 130.\u2013 par personne<br >\nCHF 250.\u2013 pour 2 personnes<br >\nPrix pour groupes et familles sur demande\n<br ><br ><span  style=\"font-weight: 600;\">Date limite d\u2019inscription<\/span><br >1 mai 2026<br ><br >\n<span  style=\"font-weight: 600;\">R\u00e9servation<\/span><br >\n<a  data-mce-href=\"mailto:info@beau-sauvage.ch\" href=\"mailto:info@beau-sauvage.ch\" target=\"_self\" data-mce-selected=\"inline-boundary\" data-cp-link=\"1\">info@beau-sauvage.ch<\/a>\n<br ><br ><a  href=\"https:\/\/beau-sauvage.ch\/wp-content\/uploads\/2026\/03\/260323_CheminGourmet26_webFR.pdf\" target=\"_self\" data-mce-href=\"..\/..\/wp-content\/uploads\/2026\/03\/260323_CheminGourmet26_webFR.pdf\" data-cp-link=\"1\" class=\"\">Flyer.pdf<\/a><\/p> <\/div> <div  class=\"col-sm-6\" data-type=\"column\"> <img  data-recalc-dims=\"1\" decoding=\"async\" class=\"shadow-large\" src=\"https:\/\/i0.wp.com\/beau-sauvage.ch\/wp-content\/uploads\/2025\/12\/2026-Chemin-Gourmet.jpg?w=3840&amp;ssl=1\" title=\"2026 Chemin Gourmet\" alt=\"Chemin Gourmet\"><\/div> <\/div><\/div> <\/div><div  data-label=\"ContentCafe\" data-id=\"content--21\" data-export-id=\"content-7\" data-category=\"content\" class=\"content-7 content-section content-section-spacing\" id=\"contentcafe\" style=\"background-color: rgb(255, 255, 255);\"><div  class=\"gridContainer\"> <div  class=\"row middle-sm\"><div  class=\"col-sm-6 space-bottom-xs\" data-type=\"column\"> <h2  class=\"\" style=\"border-bottom-color: rgb(60, 142, 1);\"><span  style=\"color: rgb(60, 142, 1);\">Mai \u00e0 juin 2026<\/span><br >Caf\u00e9 Jardin Ouvert<\/h2> <p  class=\"\">Dans plusieurs communes du Corridor \u00e0 papillons, des associations locales organisent un Caf\u00e9 Jardin Ouvert afin de faire conna\u00eetre les Journ\u00e9es nationales des Jardins ouverts de BioTerra et de pr\u00e9senter les jardins ouverts dans la r\u00e9gion. Tout cela autour de caf\u00e9, g\u00e2teaux et d\u2019\u00e9changes passionnants.\n\n<br ><br ><a  data-mce-href=\"..\/..\/wp-content\/uploads\/2026\/04\/Cafe-Offener-Garten_JARDIN-OUVERT_-mai-juin-2026.pdf\" href=\"..\/..\/wp-content\/uploads\/2026\/04\/Cafe-Offener-Garten_JARDIN-OUVERT_-mai-juin-2026.pdf\" target=\"_self\" data-mce-selected=\"inline-boundary\" data-cp-link=\"1\" class=\"\"><span  style=\"font-weight: 400;\"><span  style=\"color: rgb(60, 142, 1);\">Flyer.pdf\ufeff<\/span>\ufeff<span  id=\"_mce_caret\" data-mce-bogus=\"1\" data-mce-type=\"format-caret\"><span  style=\"color: rgb(60, 142, 1);\">\ufeff<\/span><\/span><\/span><\/a><br ><br ><span  style=\"font-weight: 600; color: rgb(60, 142, 1);\">\nDes informations d\u00e9taill\u00e9es suivront dans notre mailing.<\/span><\/p> <\/div> <div  class=\"col-sm-6\" data-type=\"column\"> <img  data-recalc-dims=\"1\" decoding=\"async\" class=\"shadow-large\" src=\"https:\/\/i0.wp.com\/beau-sauvage.ch\/wp-content\/uploads\/2025\/12\/cropped-2026-offener-garten.jpg?w=3840&amp;ssl=1\" title=\"Jardin ouvert\" alt=\"Jardin ouvert\"><\/div> <\/div><\/div> <\/div><div  data-label=\"ContentSymposium\" data-id=\"content--22\" data-export-id=\"content-7\" data-category=\"content\" class=\"content-7 content-section content-section-spacing\" id=\"contentsymposium\" style=\"background-color: rgba(60, 142, 1, 0.11); background-image: none;\"><div  class=\"gridContainer\"> <div  class=\"row middle-sm\"><div  class=\"col-sm-6 space-bottom-xs\" data-type=\"column\"> <h2  class=\"\" style=\"border-bottom-color: rgb(60, 142, 1);\"><span  style=\"color: rgb(60, 142, 1);\">Samedi, 20 juin 2026<\/span> <br >Symposium pour pationn\u00e9s du potager<br >\nSols, l\u00e9gumes et papillons<\/h2> <p  class=\"\">De nombreux l\u00e9gumes ont perdu leurs qualit\u00e9s nutritives en raison de pratiques culturales intensives, des influences environnementales et de la transformation.<br >\n Le jardin potager offre une alternative concr\u00e8te face \u00e0 cette d\u00e9rive. Des sols vivants et bien entretenus sont la cl\u00e9 d\u2019un potager riche, productif et favorable \u00e0 la biodiversit\u00e9.\n<br ><br >\nLe matin, trois sp\u00e9cialistes partageront leurs connaissances et leurs exp\u00e9riences autour de la qualit\u00e9 des sols, des l\u00e9gumes et des pratiques durables pour l\u2019entretien du potager.\n<br ><br >\nL\u2019apr\u00e8s-midi, des stands inviteront \u00e0 approfondir le th\u00e8me. Anim\u00e9s par des professionnels exp\u00e9riment\u00e9s, ils offriront un aper\u00e7u des sujets suivants : cultures associ\u00e9es, terra preta, compost, vari\u00e9t\u00e9s de l\u00e9gumes faciles \u00e0 cultiver, vari\u00e9t\u00e9s anciennes de l\u00e9gumes, semences, plantes sauvages comestibles, papillons, limaces, organismes b\u00e9n\u00e9fiques, surfaces de compensation \u00e9cologique au jardin, jardin-for\u00eat.<br ><br ><span  style=\"font-weight: 600;\">Horaire<\/span><br >8h30 \u00e0 16h00\n<br ><br >\n<span  style=\"font-weight: 600;\">Prix<\/span><br >\nCHF 130.\u2013 par personne<br >\nCHF 250.\u2013 pour 2 personnes<br >\nPrix pour groupes et familles sur demande\n<br ><br >\n<span  style=\"font-weight: 600;\">Date limite d\u2019inscription<\/span><br >\n1. juin 2026\n<br ><br >\n<span  style=\"font-weight: 600;\">R\u00e9servation<\/span><br >\n<a  data-mce-href=\"mailto:info@beau-sauvage.ch\" href=\"mailto:info@beau-sauvage.ch\" target=\"_self\" data-mce-selected=\"inline-boundary\" data-cp-link=\"1\">info@beau-sauvage.ch<\/a><br ><br ><a  data-mce-href=\"..\/..\/wp-content\/uploads\/2026\/03\/260304-fr-intervenants-stands-.pdf\" href=\"..\/..\/wp-content\/uploads\/2026\/03\/260304-fr-intervenants-stands-.pdf\" target=\"_self\" data-mce-selected=\"inline-boundary\" data-cp-link=\"1\" class=\"\">Intervenants.pdf\n<\/a><br ><br ><a  data-mce-href=\"..\/..\/wp-content\/uploads\/2026\/03\/260323_Symposium26_webFR.pdf\" href=\"..\/..\/wp-content\/uploads\/2026\/03\/260323_Symposium26_webFR.pdf\" target=\"_self\" data-mce-selected=\"inline-boundary\" data-cp-link=\"1\" class=\"\">Flyer.pdf<\/a><\/p> <\/div> <div  class=\"col-sm-6\" data-type=\"column\"> <img  data-recalc-dims=\"1\" decoding=\"async\" class=\"shadow-large\" src=\"https:\/\/i0.wp.com\/beau-sauvage.ch\/wp-content\/uploads\/2025\/12\/2026-Symposium.jpg?w=3840&amp;ssl=1\" title=\"2026 Symposium\" alt=\"Symposium\"><\/div> <\/div><\/div> <\/div><div  data-label=\"ContentSoiree\" data-id=\"content--23\" data-export-id=\"content-7\" data-category=\"content\" class=\"content-7 content-section content-section-spacing\" id=\"contentsoiree\" style=\"background-color: rgb(255, 255, 255);\"><div  class=\"gridContainer\"> <div  class=\"row middle-sm\"><div  class=\"col-sm-6 space-bottom-xs\" data-type=\"column\"> <h2  class=\"\" style=\"border-bottom-color: rgb(60, 142, 1);\"><span  style=\"color: rgb(60, 142, 1);\">Vendredi, 21 ao\u00fbt 2026<\/span>\n<br >Soir\u00e9e d\u2019information&nbsp;<\/h2> <p  class=\"\">Pr\u00e9sentation de Beau &amp; Sauvage avec le Parc Chasseral<br >\n\u2013 Vision du projet de Corridor \u00e0 papillons<br >\n\u2013 Le besoin des papillons<br >\n\u2013 Astuces pour am\u00e9nager un jardin naturel\n<br ><br >\nPas d\u2019inscription, collecte<br ><br >\n<span  style=\"font-weight: 600;\">Horaire<\/span><br >\n19h00 \u00e0 21h00<br ><br >\n<span  style=\"font-weight: 600;\">Lieu<\/span><br >\nSalle des Soci\u00e9t\u00e9s, Place de la Gare 3, 2520 La Neuveville<\/p> <\/div> <div  class=\"col-sm-6\" data-type=\"column\"> <img  data-recalc-dims=\"1\" decoding=\"async\" class=\"shadow-large\" src=\"https:\/\/i0.wp.com\/beau-sauvage.ch\/wp-content\/uploads\/2025\/12\/cropped-2026-soiree.information.jpg?w=3840&amp;ssl=1\" title=\"Informationsabend\" alt=\"Informationsabend\"><\/div> <\/div><\/div> <\/div><div  data-label=\"ContentCafe\" data-id=\"content--24\" data-export-id=\"content-7\" data-category=\"content\" class=\"content-7 content-section content-section-spacing\" id=\"contentcafe-1\" style=\"background-color: rgba(60, 142, 1, 0.11); background-image: none;\"><div  class=\"gridContainer\"> <div  class=\"row middle-sm\"><div  class=\"col-sm-6 space-bottom-xs\" data-type=\"column\"> <h2  class=\"\" style=\"border-bottom-color: rgb(60, 142, 1);\"><span  style=\"color: rgb(60, 142, 1);\">Ao\u00fbt \u00e0 octobre 2026<\/span>\n<br >Caf\u00e9 Jardin Ouvert<\/h2> <p  class=\"\">Dans plusieurs communes du Corridor \u00e0 papillons, des associations locales organisent un Caf\u00e9 Jardin Ouvert afin de faire conna\u00eetre les Journ\u00e9es nationales des Jardins ouverts de BioTerra et de pr\u00e9senter les jardins ouverts dans la r\u00e9gion. Tout cela autour de caf\u00e9, g\u00e2teaux et d\u2019\u00e9changes passionnants.\n<br ><br ><span  style=\"font-weight: 600; color: rgb(60, 142, 1);\">Encore en pr\u00e9paration \u2013 les informations d\u00e9taill\u00e9es suivront dans notre mailing.<\/span><\/p> <\/div> <div  class=\"col-sm-6\" data-type=\"column\"> <img  data-recalc-dims=\"1\" decoding=\"async\" class=\"shadow-large\" src=\"https:\/\/i0.wp.com\/beau-sauvage.ch\/wp-content\/uploads\/2025\/12\/cropped-2026-offener-garten.jpg?w=3840&amp;ssl=1\" title=\"Jardin ouvert\" alt=\"Jardin ouvert\"><\/div> <\/div><\/div> <\/div><div  data-label=\"ContentGipfel\" data-id=\"content--25\" data-export-id=\"content-7\" data-category=\"content\" class=\"content-7 content-section content-section-spacing\" id=\"contentgipfel\" style=\"background-color: rgb(255, 255, 255);\"><div  class=\"gridContainer\"> <div  class=\"row middle-sm\"><div  class=\"col-sm-6 space-bottom-xs\" data-type=\"column\"> <h2  class=\"\" style=\"border-bottom-color: rgb(60, 142, 1);\"><span  style=\"color: rgb(60, 142, 1);\">Samedi, 5 septembre 2026<\/span>\n<br >Sommet des papillons<\/h2> <p  class=\"\">Lors du Sommet \u00e0 papillons, la commune cible de La Neuveville se consacre aux  th\u00e9matiques des papillons, des jardins et de la diversit\u00e9 de la nature. Ensemble avec des partenaires locaux, l\u2019association Beau &amp; Sauvage offre un programme captivant.<br ><br ><span  style=\"font-weight: 600;\">Horaire<\/span><br >\n9h00 \u00e0 14h00<br ><br >\n<span  style=\"font-weight: 600;\">Lieu<\/span><br >La Neuveville\n<br ><br ><span  style=\"font-weight: 600; color: rgb(60, 142, 1);\">Provisoire, encore en pr\u00e9paration<\/span><\/p> <\/div> <div  class=\"col-sm-6\" data-type=\"column\"> <img  data-recalc-dims=\"1\" decoding=\"async\" class=\"shadow-large\" src=\"https:\/\/i0.wp.com\/beau-sauvage.ch\/wp-content\/uploads\/2024\/05\/Newsletter.2023.06.jpg?w=3840&amp;ssl=1\" title=\"Sommet des papillons \" alt=\"Sommet des papillons \"><\/div> <\/div><\/div> <\/div><div  data-label=\"ContentAssemble\" data-id=\"content--18\" data-export-id=\"content-7\" data-category=\"content\" class=\"content-7 content-section content-section-spacing\" id=\"contentassemble\" style=\"background-color: rgb(255, 255, 255); background-image: none;\" data-section-ov=\"1\"><div  class=\"gridContainer\"> <div  class=\"row middle-sm\"><div  class=\"col-sm-6 space-bottom-xs\" data-type=\"column\"> <h2  class=\"\" style=\"border-bottom-color: rgb(60, 142, 1);\"><span  style=\"color: rgb(60, 142, 1);\">Mars 2027<\/span><br >Assembl\u00e9e g\u00e9n\u00e9rale<\/h2> <p  class=\"\">Pour tous les membres de l\u2019association.<br >\nInvitation en janvier 2027 par Email<br ><br >\n<span  style=\"font-weight: 600;\">Horaire<\/span><br >sera communiqu\u00e9 plus tard<br ><br ><span  style=\"font-weight: 600;\">Lieu<\/span>\n<br >sera communiqu\u00e9 plus tard<\/p> <\/div> <div  class=\"col-sm-6\" data-type=\"column\"> <img  data-recalc-dims=\"1\" decoding=\"async\" class=\"shadow-large\" src=\"https:\/\/i0.wp.com\/beau-sauvage.ch\/wp-content\/uploads\/2026\/02\/cropped-einladender-garten.png?w=3840&amp;ssl=1\" title=\"Jardin\" alt=\"Jardin\"><\/div> <\/div><\/div> <\/div><div  data-label=\"ContentSoire\" data-id=\"content--19\" data-export-id=\"content-7\" data-category=\"content\" class=\"content-7 content-section content-section-spacing\" id=\"contentsoire\" style=\"background-color: rgb(255, 255, 255); background-image: none;\"><div  class=\"gridContainer\"> <div  class=\"row middle-sm\"><div  class=\"col-sm-6 space-bottom-xs\" data-type=\"column\"> <h2  class=\"\" style=\"border-bottom-color: rgb(60, 142, 1);\"><span  style=\"color: rgb(60, 142, 1);\">Avril 2027<\/span><br >Soir\u00e9e d\u2019information en allemand<\/h2> <p  class=\"\">Pr\u00e9sentation de Beau &amp; Sauvage<br >\n\u2013 Vision du projet de Corridor \u00e0 papillons<br >\n\u2013 Jardins et papillons<br >\n\u2013 Astuces pour am\u00e9nager un jardin naturel<br ><br >\n<span  style=\"font-weight: 600;\">Horaire<\/span><br >sera communiqu\u00e9 plus tard<br ><br ><span  style=\"font-weight: 600;\">Lieu\n<\/span>sera communiqu\u00e9 plus tard<\/p> <\/div> <div  class=\"col-sm-6\" data-type=\"column\"> <img  data-recalc-dims=\"1\" decoding=\"async\" class=\"shadow-large\" src=\"https:\/\/i0.wp.com\/beau-sauvage.ch\/wp-content\/uploads\/2025\/12\/cropped-2026-soiree.information.jpg?w=3840&amp;ssl=1\" title=\"Informationsabend\" alt=\"Informationsabend\"><\/div> <\/div><\/div> <\/div><div  data-label=\"Footer\" data-id=\"content--15\" data-export-id=\"content-7\" data-category=\"content\" class=\"content-7 content-section content-section-spacing content-relative\" id=\"footer\" style=\"background-color: rgb(245, 250, 253); background-image: none;\"><div  class=\"gridContainer\"> <div  class=\"row middle-sm\"><div  class=\"col-sm-6 space-bottom-xs\" data-type=\"column\">   <p  class=\"\">\n<\/p><\/div> <div  class=\"col-sm-6\" data-type=\"column\"> <\/div> <\/div><\/div> <div  class=\"section-separator-bottom\">\n    <svg  class=\"section-separator-bottom\" data-separator-name=\"triangle-asymmetrical-negative\" preserveAspectRatio=\"none\" viewBox=\"0 0 1000 100\" xmlns=\"http:\/\/www.w3.org\/2000\/svg\">\n        <path  class=\"svg-white-bg\" d=\"M737.9,94.7L0,0v100h1000V0L737.9,94.7z\"><\/path>\n    <\/svg>\n<\/div><\/div>","protected":false},"excerpt":{"rendered":"<p>Programme de notre organisation partenaire \u00e0 La Neuveville Jardin communautaire Demain 2520 Programme.pdf Dimanche, 3 mai 2026&nbsp;March\u00e9 aux fleurs, La Neuveville Plantes sauvages et informations sur le Corridor \u00e0 Papillon.Horaire 9h00 \u00e0 17h00 Flyer.pdf Samedi, 16 mai 2026Chemin Gourmet&nbsp; Introduction au projet \u00ab Corridor \u00e0 papillons \u00bb et visite de trois jardins extraordinaires \u00e0 La&hellip; <br \/> <a class=\"read-more\" href=\"https:\/\/beau-sauvage.ch\/fr\/events\/\">Read more<\/a><\/p>\n","protected":false},"author":2,"featured_media":0,"parent":0,"menu_order":0,"comment_status":"closed","ping_status":"closed","template":"pro\/page-templates\/full-width-page.php","meta":{"footnotes":""},"class_list":["post-3068","page","type-page","status-publish","hentry"],"jetpack_sharing_enabled":true,"_links":{"self":[{"href":"https:\/\/beau-sauvage.ch\/fr\/wp-json\/wp\/v2\/pages\/3068","targetHints":{"allow":["GET"]}}],"collection":[{"href":"https:\/\/beau-sauvage.ch\/fr\/wp-json\/wp\/v2\/pages"}],"about":[{"href":"https:\/\/beau-sauvage.ch\/fr\/wp-json\/wp\/v2\/types\/page"}],"author":[{"embeddable":true,"href":"https:\/\/beau-sauvage.ch\/fr\/wp-json\/wp\/v2\/users\/2"}],"replies":[{"embeddable":true,"href":"https:\/\/beau-sauvage.ch\/fr\/wp-json\/wp\/v2\/comments?post=3068"}],"version-history":[{"count":120,"href":"https:\/\/beau-sauvage.ch\/fr\/wp-json\/wp\/v2\/pages\/3068\/revisions"}],"predecessor-version":[{"id":5517,"href":"https:\/\/beau-sauvage.ch\/fr\/wp-json\/wp\/v2\/pages\/3068\/revisions\/5517"}],"wp:attachment":[{"href":"https:\/\/beau-sauvage.ch\/fr\/wp-json\/wp\/v2\/media?parent=3068"}],"curies":[{"name":"wp","href":"https:\/\/api.w.org\/{rel}","templated":true}]}}