{"id":4541,"date":"2024-10-01T15:21:31","date_gmt":"2024-10-01T13:21:31","guid":{"rendered":"https:\/\/beau-sauvage.ch\/varia\/spenden\/"},"modified":"2025-09-09T17:48:41","modified_gmt":"2025-09-09T15:48:41","slug":"spenden","status":"publish","type":"page","link":"https:\/\/beau-sauvage.ch\/fr\/varia\/spenden\/","title":{"rendered":"Donations"},"content":{"rendered":"<div  data-label=\"Content\" data-id=\"content--1\" data-export-id=\"content-12\" data-category=\"content\" class=\"content-12 content-section content-section-spacing\" id=\"content-1\" style=\"background-color: rgb(255, 255, 255);\"><div  class=\"gridContainer\"> <div  class=\"row text-center\"><div  class=\"section-title-col\" data-type=\"column\"> <h2  class=\"\" style=\"border-bottom-color: rgb(29, 163, 0);\">Faire bouger les choses avec votre don<\/h2> <p  class=\"lead\">Corridor \u00e0 papillons compos\u00e9 de 2300 jardins naturels en r\u00e9seau<\/p><\/div> <\/div> <div  class=\"row center-xs middle-xs\"> <div  class=\"col-sm-9\" data-type=\"column\"> <p  class=\"\" style=\"text-align: left;\">L\u2019association Beau &amp; Sauvage s\u2019est fix\u00e9 pour objectif de mettre en r\u00e9seau 1001 jardins naturels ainsi que d\u2019autres surfaces proches de l\u2019\u00e9tat naturel, de mani\u00e8re \u00e0 cr\u00e9er dans 10 ans un corridor \u00e0 papillons longeant le lac de Bienne jusqu&#8217; au Papiliorama \u00e0 Macolin. Pour ce faire, nous \u00e9valuons des jardins et conseillons les jardiniers et jardini\u00e8res, nous proposons diff\u00e9rents \u00e9v\u00e9nements de sensibilisation et de mise en r\u00e9seau, afin de motiver les personnes int\u00e9ress\u00e9es pour une grande vision.<\/p><img  data-recalc-dims=\"1\" decoding=\"async\" class=\"shadow-large\" src=\"https:\/\/i0.wp.com\/beau-sauvage.ch\/wp-content\/uploads\/2024\/10\/cropped-IMG_0766-1.jpeg?w=3840&amp;ssl=1\" title=\"Spenden\" alt=\"Spenden\"><p  class=\"\" style=\"text-align: left;\">\n<br >\nLa cr\u00e9ation d\u2019une infrastructure \u00e9cologique dans les zones urbaines et agricoles repr\u00e9sente une contribution importante \u00e0 la promotion de la biodiversit\u00e9 dans notre r\u00e9gion. En tant qu\u2019association, en collaboration avec des jardiniers et d\u2019autres partenaires, nous prenons ainsi les r\u00eanes afin de pr\u00e9server notre base vitale naturelle.<\/p><h3  class=\"\" style=\"text-align: left;\">Donations<\/h3><h4  class=\"\" style=\"text-align: left;\">Gr\u00e2ce \u00e0 vos dons, nous cr\u00e9ons des refuges beaux, ressour\u00e7ants et productifs pour les plantes, les animaux et les humains.<\/h4><img data-recalc-dims=\"1\" decoding=\"async\"  class=\"custom-image\" src=\"https:\/\/i0.wp.com\/beau-sauvage.ch\/wp-content\/uploads\/2025\/09\/QR.png?w=3840&amp;ssl=1\" title=\"QR-Code\" alt=\"QR-Code\"><\/div> <\/div><\/div> <\/div>","protected":false},"excerpt":{"rendered":"<p>Faire bouger les choses avec votre don Corridor \u00e0 papillons compos\u00e9 de 2300 jardins naturels en r\u00e9seau L\u2019association Beau &amp; Sauvage s\u2019est fix\u00e9 pour objectif de mettre en r\u00e9seau 1001 jardins naturels ainsi que d\u2019autres surfaces proches de l\u2019\u00e9tat naturel, de mani\u00e8re \u00e0 cr\u00e9er dans 10 ans un corridor \u00e0 papillons longeant le lac de&hellip; <br \/> <a class=\"read-more\" href=\"https:\/\/beau-sauvage.ch\/fr\/varia\/spenden\/\">Read more<\/a><\/p>\n","protected":false},"author":37,"featured_media":0,"parent":3799,"menu_order":0,"comment_status":"closed","ping_status":"closed","template":"pro\/page-templates\/full-width-page.php","meta":{"footnotes":""},"class_list":["post-4541","page","type-page","status-publish","hentry"],"jetpack_sharing_enabled":true,"_links":{"self":[{"href":"https:\/\/beau-sauvage.ch\/fr\/wp-json\/wp\/v2\/pages\/4541","targetHints":{"allow":["GET"]}}],"collection":[{"href":"https:\/\/beau-sauvage.ch\/fr\/wp-json\/wp\/v2\/pages"}],"about":[{"href":"https:\/\/beau-sauvage.ch\/fr\/wp-json\/wp\/v2\/types\/page"}],"author":[{"embeddable":true,"href":"https:\/\/beau-sauvage.ch\/fr\/wp-json\/wp\/v2\/users\/37"}],"replies":[{"embeddable":true,"href":"https:\/\/beau-sauvage.ch\/fr\/wp-json\/wp\/v2\/comments?post=4541"}],"version-history":[{"count":10,"href":"https:\/\/beau-sauvage.ch\/fr\/wp-json\/wp\/v2\/pages\/4541\/revisions"}],"predecessor-version":[{"id":5054,"href":"https:\/\/beau-sauvage.ch\/fr\/wp-json\/wp\/v2\/pages\/4541\/revisions\/5054"}],"up":[{"embeddable":true,"href":"https:\/\/beau-sauvage.ch\/fr\/wp-json\/wp\/v2\/pages\/3799"}],"wp:attachment":[{"href":"https:\/\/beau-sauvage.ch\/fr\/wp-json\/wp\/v2\/media?parent=4541"}],"curies":[{"name":"wp","href":"https:\/\/api.w.org\/{rel}","templated":true}]}}